{"id":20,"date":"2025-02-23T09:33:03","date_gmt":"2025-02-23T09:33:03","guid":{"rendered":"https:\/\/quintaleandres.com\/?page_id=20"},"modified":"2026-01-22T14:29:52","modified_gmt":"2026-01-22T14:29:52","slug":"a-regiao","status":"publish","type":"page","link":"https:\/\/quintaleandres.com\/pt_pt\/a-regiao\/","title":{"rendered":"A REGI\u00c3O"},"content":{"rendered":"\t\t<div data-elementor-type=\"wp-page\" data-elementor-id=\"20\" class=\"elementor elementor-20\">\n\t\t\t\t<div class=\"elementor-element elementor-element-26100fd e-flex e-con-boxed e-con e-parent\" data-id=\"26100fd\" data-element_type=\"container\" data-settings=\"{&quot;background_background&quot;:&quot;classic&quot;}\">\n\t\t\t\t\t<div class=\"e-con-inner\">\n\t\t\t\t<div class=\"elementor-element elementor-element-8a2ed52 elementor-widget elementor-widget-heading\" data-id=\"8a2ed52\" data-element_type=\"widget\" data-widget_type=\"heading.default\">\n\t\t\t\t<div class=\"elementor-widget-container\">\n\t\t\t\t\t<h2 class=\"elementor-heading-title elementor-size-default\">A Regi\u00e3o<\/h2>\t\t\t\t<\/div>\n\t\t\t\t<\/div>\n\t\t\t\t\t<\/div>\n\t\t\t\t<\/div>\n\t\t<div class=\"elementor-element elementor-element-de0c7ee e-flex e-con-boxed e-con e-parent\" data-id=\"de0c7ee\" data-element_type=\"container\">\n\t\t\t\t\t<div class=\"e-con-inner\">\n\t\t\t\t<div class=\"elementor-element elementor-element-5959909 elementor-widget elementor-widget-html\" data-id=\"5959909\" data-element_type=\"widget\" data-widget_type=\"html.default\">\n\t\t\t\t<div class=\"elementor-widget-container\">\n\t\t\t\t\t  <div id=\"reseliva-widget\"><a href=\"https:\/\/www.reseliva.com\/\" class=\"powered_by\">Reseliva Rezervasyon Motoru & Kanal Y\u00f6neticisi<\/a><\/div>\r\n<script>\r\n(function(d, s, id){var js, fjs = d.getElementsByTagName(s)[0];if (d.getElementById(id)) {return;}js = d.createElement(s); js.id = id;js.src = \"https:\/\/www.reseliva.com\/ReselivaWidget\/JS\/rw_script.js?010224\";fjs.parentNode.insertBefore(js, fjs);}(document, 'script', 'reseliva_widget'));\r\nlet resLang=\"pt\";\r\nvar url = window.location.href; \r\nif(url.indexOf(\"\/en\/\") > -1){\r\nresLang ='en';\r\n\r\n}else{\r\n   resLang ='pt'; \r\n}\r\nlet RW = {\"type\":\"bar\",\r\n\"hotelUrl\":[\"Quinta-de-Leandres\"],\r\n\"lang\":resLang,\r\n\"btnBgColor\" : \"#28a745\",\r\n\"title\" : false,\r\n\"target\" : \"_blank\",\r\n\"customLink\" : \"https:\/\/quintaleandres.com\/pt_pt\/reservation\/\",\r\n\"maxChild\" : 0\r\n};\r\n<\/script>\r\n<style>\r\n\r\n.res-btn-sm{\r\npadding:0px !important;\r\n}\r\n.res-btn-sm:hover{\r\ncolor:#000;\r\n}\r\n\r\n\r\n<\/style>\t\t\t\t<\/div>\n\t\t\t\t<\/div>\n\t\t\t\t\t<\/div>\n\t\t\t\t<\/div>\n\t\t<div class=\"elementor-element elementor-element-8a00dd7 e-flex e-con-boxed e-con e-parent\" data-id=\"8a00dd7\" data-element_type=\"container\" data-settings=\"{&quot;background_background&quot;:&quot;classic&quot;}\">\n\t\t\t\t\t<div class=\"e-con-inner\">\n\t\t\t\t<div class=\"elementor-element elementor-element-7738d02 elementor-widget elementor-widget-text-editor\" data-id=\"7738d02\" data-element_type=\"widget\" data-widget_type=\"text-editor.default\">\n\t\t\t\t<div class=\"elementor-widget-container\">\n\t\t\t\t\t\t\t\t\t<p>Estamos a menos de 5 minutos de carro do centro da Vila de Manteigas e pr\u00f3ximos de alguns dos locais mais deslumbrantes da regi\u00e3o, como a Cascata do Po\u00e7o do Inferno, o Cov\u00e3o d\u2019Ametade, as Penhas Douradas, as Penhas da Sa\u00fade, a Est\u00e2ncia de Ski e a Torre, e os Passadi\u00e7os do Mondego. Quer seja para explorar trilhos de montanha, praticar atividades ao ar livre ou simplesmente relaxar, a Quinta de Leandres \u00e9 o ponto de partida perfeito para descobrir a Serra da Estrela.<\/p>\t\t\t\t\t\t\t\t<\/div>\n\t\t\t\t<\/div>\n\t\t\t\t\t<\/div>\n\t\t\t\t<\/div>\n\t\t<div class=\"elementor-element elementor-element-6cdfe5a e-flex e-con-boxed e-con e-parent\" data-id=\"6cdfe5a\" data-element_type=\"container\">\n\t\t\t\t\t<div class=\"e-con-inner\">\n\t\t<div class=\"elementor-element elementor-element-eb21f72 e-con-full e-flex e-con e-child\" data-id=\"eb21f72\" data-element_type=\"container\">\n\t\t\t\t<div class=\"elementor-element elementor-element-b611fa2 elementor-widget elementor-widget-heading\" data-id=\"b611fa2\" data-element_type=\"widget\" data-widget_type=\"heading.default\">\n\t\t\t\t<div class=\"elementor-widget-container\">\n\t\t\t\t\t<h2 class=\"elementor-heading-title elementor-size-default\">MANTEIGAS<\/h2>\t\t\t\t<\/div>\n\t\t\t\t<\/div>\n\t\t\t\t<div class=\"elementor-element elementor-element-fb4a0b7 elementor-widget elementor-widget-text-editor\" data-id=\"fb4a0b7\" data-element_type=\"widget\" data-widget_type=\"text-editor.default\">\n\t\t\t\t<div class=\"elementor-widget-container\">\n\t\t\t\t\t\t\t\t\t<p>Manteigas, no cora\u00e7\u00e3o da Serra da Estrela, destaca-se pelas suas paisagens deslumbrantes, vales profundos e rios de \u00e1guas cristalinas. \u00c9 um destino ideal para atividades ao ar livre, com trilhos de montanha, praias fluviais e acesso \u00e0 Est\u00e2ncia de Ski no inverno. Preserva um rico patrim\u00f3nio cultural, refletido na gastronomia tradicional, como o queijo da Serra e os enchidos, e no artesanato em burel. Com uma localiza\u00e7\u00e3o privilegiada e um ambiente aut\u00eantico, \u00e9 o ponto de partida perfeito para explorar a Serra da Estrela.<\/p>\t\t\t\t\t\t\t\t<\/div>\n\t\t\t\t<\/div>\n\t\t\t\t<\/div>\n\t\t<div class=\"elementor-element elementor-element-5b1b2db e-con-full e-flex e-con e-child\" data-id=\"5b1b2db\" data-element_type=\"container\">\n\t\t\t\t<div class=\"elementor-element elementor-element-7591592 elementor-widget elementor-widget-image\" data-id=\"7591592\" data-element_type=\"widget\" data-widget_type=\"image.default\">\n\t\t\t\t<div class=\"elementor-widget-container\">\n\t\t\t\t\t\t\t\t\t\t\t\t\t\t\t<img fetchpriority=\"high\" decoding=\"async\" width=\"730\" height=\"548\" src=\"https:\/\/quintaleandres.com\/wp-content\/uploads\/2025\/03\/Igreja_S_Pedro_-_Manteigas_-_Portugal_C2A9_Viaje_Comigo.jpg\" class=\"attachment-large size-large wp-image-133\" alt=\"\" srcset=\"https:\/\/quintaleandres.com\/wp-content\/uploads\/2025\/03\/Igreja_S_Pedro_-_Manteigas_-_Portugal_C2A9_Viaje_Comigo.jpg 730w, https:\/\/quintaleandres.com\/wp-content\/uploads\/2025\/03\/Igreja_S_Pedro_-_Manteigas_-_Portugal_C2A9_Viaje_Comigo-300x225.jpg 300w\" sizes=\"(max-width: 730px) 100vw, 730px\" \/>\t\t\t\t\t\t\t\t\t\t\t\t\t\t\t<\/div>\n\t\t\t\t<\/div>\n\t\t\t\t<\/div>\n\t\t\t\t\t<\/div>\n\t\t\t\t<\/div>\n\t\t<div class=\"elementor-element elementor-element-18530bf e-flex e-con-boxed e-con e-parent\" data-id=\"18530bf\" data-element_type=\"container\">\n\t\t\t\t\t<div class=\"e-con-inner\">\n\t\t\t\t<div class=\"elementor-element elementor-element-572fb23 elementor-widget elementor-widget-heading\" data-id=\"572fb23\" data-element_type=\"widget\" data-widget_type=\"heading.default\">\n\t\t\t\t<div class=\"elementor-widget-container\">\n\t\t\t\t\t<h2 class=\"elementor-heading-title elementor-size-default\">OP\u00c7\u00d5ES DE LAZER<\/h2>\t\t\t\t<\/div>\n\t\t\t\t<\/div>\n\t\t\t\t\t<\/div>\n\t\t\t\t<\/div>\n\t\t<div class=\"elementor-element elementor-element-9f16d7c e-flex e-con-boxed e-con e-parent\" data-id=\"9f16d7c\" data-element_type=\"container\">\n\t\t\t\t\t<div class=\"e-con-inner\">\n\t\t<div class=\"elementor-element elementor-element-9f73236 e-con-full e-flex e-con e-child\" data-id=\"9f73236\" data-element_type=\"container\">\n\t\t\t\t<div class=\"elementor-element elementor-element-e9ec7ba elementor-widget elementor-widget-image\" data-id=\"e9ec7ba\" data-element_type=\"widget\" data-widget_type=\"image.default\">\n\t\t\t\t<div class=\"elementor-widget-container\">\n\t\t\t\t\t\t\t\t\t\t\t\t\t\t\t<img decoding=\"async\" width=\"1030\" height=\"687\" src=\"https:\/\/quintaleandres.com\/wp-content\/uploads\/2025\/03\/Covao-dAmetade-01-Foto-Ricardo-Costa-1030x687-1.jpg\" class=\"attachment-full size-full wp-image-134\" alt=\"\" srcset=\"https:\/\/quintaleandres.com\/wp-content\/uploads\/2025\/03\/Covao-dAmetade-01-Foto-Ricardo-Costa-1030x687-1.jpg 1030w, https:\/\/quintaleandres.com\/wp-content\/uploads\/2025\/03\/Covao-dAmetade-01-Foto-Ricardo-Costa-1030x687-1-300x200.jpg 300w, https:\/\/quintaleandres.com\/wp-content\/uploads\/2025\/03\/Covao-dAmetade-01-Foto-Ricardo-Costa-1030x687-1-1024x683.jpg 1024w, https:\/\/quintaleandres.com\/wp-content\/uploads\/2025\/03\/Covao-dAmetade-01-Foto-Ricardo-Costa-1030x687-1-768x512.jpg 768w\" sizes=\"(max-width: 1030px) 100vw, 1030px\" \/>\t\t\t\t\t\t\t\t\t\t\t\t\t\t\t<\/div>\n\t\t\t\t<\/div>\n\t\t\t\t<div class=\"elementor-element elementor-element-fd83150 elementor-widget elementor-widget-heading\" data-id=\"fd83150\" data-element_type=\"widget\" data-widget_type=\"heading.default\">\n\t\t\t\t<div class=\"elementor-widget-container\">\n\t\t\t\t\t<h2 class=\"elementor-heading-title elementor-size-default\">Cov\u00e3o d\u2019Ametade<\/h2>\t\t\t\t<\/div>\n\t\t\t\t<\/div>\n\t\t\t\t<div class=\"elementor-element elementor-element-ff1fd3a elementor-widget elementor-widget-text-editor\" data-id=\"ff1fd3a\" data-element_type=\"widget\" data-widget_type=\"text-editor.default\">\n\t\t\t\t<div class=\"elementor-widget-container\">\n\t\t\t\t\t\t\t\t\t<p style=\"text-align: center;\">O Cov\u00e3o d\u2019Ametade, a 1500m de altitude, \u00e9 um dos locais mais belos da Serra da Estrela. Rodeado por b\u00e9tulas e biodiversidade rica, \u00e9 ideal para caminhadas, escaladas e momentos de lazer em meio \u00e0 natureza.<\/p>\t\t\t\t\t\t\t\t<\/div>\n\t\t\t\t<\/div>\n\t\t\t\t<\/div>\n\t\t<div class=\"elementor-element elementor-element-3648b46 e-con-full e-flex e-con e-child\" data-id=\"3648b46\" data-element_type=\"container\">\n\t\t\t\t<div class=\"elementor-element elementor-element-cb801f3 elementor-widget elementor-widget-image\" data-id=\"cb801f3\" data-element_type=\"widget\" data-widget_type=\"image.default\">\n\t\t\t\t<div class=\"elementor-widget-container\">\n\t\t\t\t\t\t\t\t\t\t\t\t\t\t\t<img decoding=\"async\" width=\"1280\" height=\"721\" src=\"https:\/\/quintaleandres.com\/wp-content\/uploads\/2025\/03\/pistas-de-esqui-da-serra-da-estrela.jpg\" class=\"attachment-full size-full wp-image-239\" alt=\"\" srcset=\"https:\/\/quintaleandres.com\/wp-content\/uploads\/2025\/03\/pistas-de-esqui-da-serra-da-estrela.jpg 1280w, https:\/\/quintaleandres.com\/wp-content\/uploads\/2025\/03\/pistas-de-esqui-da-serra-da-estrela-300x169.jpg 300w, https:\/\/quintaleandres.com\/wp-content\/uploads\/2025\/03\/pistas-de-esqui-da-serra-da-estrela-1024x577.jpg 1024w, https:\/\/quintaleandres.com\/wp-content\/uploads\/2025\/03\/pistas-de-esqui-da-serra-da-estrela-768x433.jpg 768w\" sizes=\"(max-width: 1280px) 100vw, 1280px\" \/>\t\t\t\t\t\t\t\t\t\t\t\t\t\t\t<\/div>\n\t\t\t\t<\/div>\n\t\t\t\t<div class=\"elementor-element elementor-element-d8d47a0 elementor-widget elementor-widget-heading\" data-id=\"d8d47a0\" data-element_type=\"widget\" data-widget_type=\"heading.default\">\n\t\t\t\t<div class=\"elementor-widget-container\">\n\t\t\t\t\t<h2 class=\"elementor-heading-title elementor-size-default\">Est\u00e2ncia de Ski<\/h2>\t\t\t\t<\/div>\n\t\t\t\t<\/div>\n\t\t\t\t<div class=\"elementor-element elementor-element-16bbc75 elementor-widget elementor-widget-text-editor\" data-id=\"16bbc75\" data-element_type=\"widget\" data-widget_type=\"text-editor.default\">\n\t\t\t\t<div class=\"elementor-widget-container\">\n\t\t\t\t\t\t\t\t\t<p style=\"text-align: center;\">No inverno, a Serra da Estrela torna-se ideal para desportos na neve. A Est\u00e2ncia de Ski, a 2000m de altitude, possui infraestrutura moderna e produ\u00e7\u00e3o de neve artificial, garantindo at\u00e9 150 dias de neve por ano.<\/p>\t\t\t\t\t\t\t\t<\/div>\n\t\t\t\t<\/div>\n\t\t\t\t<\/div>\n\t\t\t\t\t<\/div>\n\t\t\t\t<\/div>\n\t\t<div class=\"elementor-element elementor-element-ddd7297 e-flex e-con-boxed e-con e-parent\" data-id=\"ddd7297\" data-element_type=\"container\">\n\t\t\t\t\t<div class=\"e-con-inner\">\n\t\t<div class=\"elementor-element elementor-element-a37c5a1 e-con-full e-flex e-con e-child\" data-id=\"a37c5a1\" data-element_type=\"container\">\n\t\t\t\t<div class=\"elementor-element elementor-element-63f63a3 elementor-widget elementor-widget-image\" data-id=\"63f63a3\" data-element_type=\"widget\" data-widget_type=\"image.default\">\n\t\t\t\t<div class=\"elementor-widget-container\">\n\t\t\t\t\t\t\t\t\t\t\t\t\t\t\t<img loading=\"lazy\" decoding=\"async\" width=\"819\" height=\"1024\" src=\"https:\/\/quintaleandres.com\/wp-content\/uploads\/2025\/03\/bmgmelo_buynfvoleww81418750426482002-819x1024-1.jpg\" class=\"attachment-full size-full wp-image-241\" alt=\"\" srcset=\"https:\/\/quintaleandres.com\/wp-content\/uploads\/2025\/03\/bmgmelo_buynfvoleww81418750426482002-819x1024-1.jpg 819w, https:\/\/quintaleandres.com\/wp-content\/uploads\/2025\/03\/bmgmelo_buynfvoleww81418750426482002-819x1024-1-240x300.jpg 240w, https:\/\/quintaleandres.com\/wp-content\/uploads\/2025\/03\/bmgmelo_buynfvoleww81418750426482002-819x1024-1-768x960.jpg 768w\" sizes=\"(max-width: 819px) 100vw, 819px\" \/>\t\t\t\t\t\t\t\t\t\t\t\t\t\t\t<\/div>\n\t\t\t\t<\/div>\n\t\t\t\t<div class=\"elementor-element elementor-element-72d0116 elementor-widget elementor-widget-heading\" data-id=\"72d0116\" data-element_type=\"widget\" data-widget_type=\"heading.default\">\n\t\t\t\t<div class=\"elementor-widget-container\">\n\t\t\t\t\t<h2 class=\"elementor-heading-title elementor-size-default\">Po\u00e7o do Inferno<\/h2>\t\t\t\t<\/div>\n\t\t\t\t<\/div>\n\t\t\t\t<div class=\"elementor-element elementor-element-477ff2a elementor-widget elementor-widget-text-editor\" data-id=\"477ff2a\" data-element_type=\"widget\" data-widget_type=\"text-editor.default\">\n\t\t\t\t<div class=\"elementor-widget-container\">\n\t\t\t\t\t\t\t\t\t<p style=\"text-align: center;\">A cascata do Po\u00e7o do Inferno, a 1.080m de altitude, \u00e9 um destino tur\u00edstico famoso pela sua queda de \u00e1gua cristalina e g\u00e9lida, que atravessa rochas de granito e xisto, criando uma paisagem impressionante.<\/p>\t\t\t\t\t\t\t\t<\/div>\n\t\t\t\t<\/div>\n\t\t\t\t<\/div>\n\t\t<div class=\"elementor-element elementor-element-69e0c4b e-con-full e-flex e-con e-child\" data-id=\"69e0c4b\" data-element_type=\"container\">\n\t\t\t\t<div class=\"elementor-element elementor-element-988c456 elementor-widget elementor-widget-image\" data-id=\"988c456\" data-element_type=\"widget\" data-widget_type=\"image.default\">\n\t\t\t\t<div class=\"elementor-widget-container\">\n\t\t\t\t\t\t\t\t\t\t\t\t\t\t\t<img loading=\"lazy\" decoding=\"async\" width=\"1080\" height=\"720\" src=\"https:\/\/quintaleandres.com\/wp-content\/uploads\/2025\/03\/roteirosdaguarda-ambiente-serra-da-estrela-manteigas-rota-das-faias-sao-lourenco-aventura-_DSC5587.jpg\" class=\"attachment-full size-full wp-image-398\" alt=\"\" srcset=\"https:\/\/quintaleandres.com\/wp-content\/uploads\/2025\/03\/roteirosdaguarda-ambiente-serra-da-estrela-manteigas-rota-das-faias-sao-lourenco-aventura-_DSC5587.jpg 1080w, https:\/\/quintaleandres.com\/wp-content\/uploads\/2025\/03\/roteirosdaguarda-ambiente-serra-da-estrela-manteigas-rota-das-faias-sao-lourenco-aventura-_DSC5587-300x200.jpg 300w, https:\/\/quintaleandres.com\/wp-content\/uploads\/2025\/03\/roteirosdaguarda-ambiente-serra-da-estrela-manteigas-rota-das-faias-sao-lourenco-aventura-_DSC5587-1024x683.jpg 1024w, https:\/\/quintaleandres.com\/wp-content\/uploads\/2025\/03\/roteirosdaguarda-ambiente-serra-da-estrela-manteigas-rota-das-faias-sao-lourenco-aventura-_DSC5587-768x512.jpg 768w, https:\/\/quintaleandres.com\/wp-content\/uploads\/2025\/03\/roteirosdaguarda-ambiente-serra-da-estrela-manteigas-rota-das-faias-sao-lourenco-aventura-_DSC5587-18x12.jpg 18w\" sizes=\"(max-width: 1080px) 100vw, 1080px\" \/>\t\t\t\t\t\t\t\t\t\t\t\t\t\t\t<\/div>\n\t\t\t\t<\/div>\n\t\t\t\t<div class=\"elementor-element elementor-element-5491b94 elementor-widget elementor-widget-heading\" data-id=\"5491b94\" data-element_type=\"widget\" data-widget_type=\"heading.default\">\n\t\t\t\t<div class=\"elementor-widget-container\">\n\t\t\t\t\t<h2 class=\"elementor-heading-title elementor-size-default\">Trilhos de Montanha<\/h2>\t\t\t\t<\/div>\n\t\t\t\t<\/div>\n\t\t\t\t<div class=\"elementor-element elementor-element-d160863 elementor-widget elementor-widget-text-editor\" data-id=\"d160863\" data-element_type=\"widget\" data-widget_type=\"text-editor.default\">\n\t\t\t\t<div class=\"elementor-widget-container\">\n\t\t\t\t\t\t\t\t\t<p style=\"text-align: center;\">A regi\u00e3o de Manteigas oferece diversos trilhos pedestres para caminhar que \u00a0proporcionam bem-estar f\u00edsico e emocional e mostram a fauna, a flora e paisagens deslubrantes de montanha. Alguns trilhos dispon\u00edveis s\u00e3o, a Rota do Po\u00e7o Inferno, Rota do Javali, Rota do Maci\u00e7o Central, Rota dos Poios Brancos, Rota da Reboleira, \u00a0Rota das Faias, e muitos outros.<\/p>\t\t\t\t\t\t\t\t<\/div>\n\t\t\t\t<\/div>\n\t\t\t\t<\/div>\n\t\t\t\t\t<\/div>\n\t\t\t\t<\/div>\n\t\t\t\t<\/div>\n\t\t","protected":false},"excerpt":{"rendered":"<p>A Regi\u00e3o Reseliva Rezervasyon Motoru &#038; Kanal Y\u00f6neticisi Estamos a menos de 5 minutos de carro do centro da Vila [&hellip;]<\/p>\n","protected":false},"author":2,"featured_media":0,"parent":0,"menu_order":0,"comment_status":"closed","ping_status":"closed","template":"","meta":{"site-sidebar-layout":"no-sidebar","site-content-layout":"","ast-site-content-layout":"full-width-container","site-content-style":"default","site-sidebar-style":"default","ast-global-header-display":"","ast-banner-title-visibility":"","ast-main-header-display":"","ast-hfb-above-header-display":"","ast-hfb-below-header-display":"","ast-hfb-mobile-header-display":"","site-post-title":"disabled","ast-breadcrumbs-content":"","ast-featured-img":"disabled","footer-sml-layout":"","theme-transparent-header-meta":"","adv-header-id-meta":"","stick-header-meta":"","header-above-stick-meta":"","header-main-stick-meta":"","header-below-stick-meta":"","astra-migrate-meta-layouts":"default","ast-page-background-enabled":"default","ast-page-background-meta":{"desktop":{"background-color":"var(--ast-global-color-5)","background-image":"","background-repeat":"repeat","background-position":"center center","background-size":"auto","background-attachment":"scroll","background-type":"","background-media":"","overlay-type":"","overlay-color":"","overlay-opacity":"","overlay-gradient":""},"tablet":{"background-color":"","background-image":"","background-repeat":"repeat","background-position":"center center","background-size":"auto","background-attachment":"scroll","background-type":"","background-media":"","overlay-type":"","overlay-color":"","overlay-opacity":"","overlay-gradient":""},"mobile":{"background-color":"","background-image":"","background-repeat":"repeat","background-position":"center center","background-size":"auto","background-attachment":"scroll","background-type":"","background-media":"","overlay-type":"","overlay-color":"","overlay-opacity":"","overlay-gradient":""}},"ast-content-background-meta":{"desktop":{"background-color":"var(--ast-global-color-4)","background-image":"","background-repeat":"repeat","background-position":"center center","background-size":"auto","background-attachment":"scroll","background-type":"","background-media":"","overlay-type":"","overlay-color":"","overlay-opacity":"","overlay-gradient":""},"tablet":{"background-color":"var(--ast-global-color-4)","background-image":"","background-repeat":"repeat","background-position":"center center","background-size":"auto","background-attachment":"scroll","background-type":"","background-media":"","overlay-type":"","overlay-color":"","overlay-opacity":"","overlay-gradient":""},"mobile":{"background-color":"var(--ast-global-color-4)","background-image":"","background-repeat":"repeat","background-position":"center center","background-size":"auto","background-attachment":"scroll","background-type":"","background-media":"","overlay-type":"","overlay-color":"","overlay-opacity":"","overlay-gradient":""}},"footnotes":""},"class_list":["post-20","page","type-page","status-publish","hentry"],"aioseo_notices":[],"yoast_head":"<!-- This site is optimized with the Yoast SEO plugin v24.7 - https:\/\/yoast.com\/wordpress\/plugins\/seo\/ -->\n<title>A REGI\u00c3O -<\/title>\n<meta name=\"robots\" content=\"index, follow, max-snippet:-1, max-image-preview:large, max-video-preview:-1\" \/>\n<link rel=\"canonical\" href=\"https:\/\/quintaleandres.com\/pt_pt\/a-regiao\/\" \/>\n<meta property=\"og:locale\" content=\"pt_PT\" \/>\n<meta property=\"og:type\" content=\"article\" \/>\n<meta property=\"og:title\" content=\"A REGI\u00c3O -\" \/>\n<meta property=\"og:description\" content=\"A Regi\u00e3o Reseliva Rezervasyon Motoru &#038; Kanal Y\u00f6neticisi Estamos a menos de 5 minutos de carro do centro da Vila [&hellip;]\" \/>\n<meta property=\"og:url\" content=\"https:\/\/quintaleandres.com\/pt_pt\/a-regiao\/\" \/>\n<meta property=\"article:modified_time\" content=\"2026-01-22T14:29:52+00:00\" \/>\n<meta property=\"og:image\" content=\"https:\/\/quintaleandres.com\/wp-content\/uploads\/2025\/03\/Igreja_S_Pedro_-_Manteigas_-_Portugal_C2A9_Viaje_Comigo.jpg\" \/>\n\t<meta property=\"og:image:width\" content=\"730\" \/>\n\t<meta property=\"og:image:height\" content=\"548\" \/>\n\t<meta property=\"og:image:type\" content=\"image\/jpeg\" \/>\n<meta name=\"twitter:card\" content=\"summary_large_image\" \/>\n<meta name=\"twitter:label1\" content=\"Tempo estimado de leitura\" \/>\n\t<meta name=\"twitter:data1\" content=\"3 minutos\" \/>\n<script type=\"application\/ld+json\" class=\"yoast-schema-graph\">{\"@context\":\"https:\/\/schema.org\",\"@graph\":[{\"@type\":\"WebPage\",\"@id\":\"https:\/\/quintaleandres.com\/pt_pt\/a-regiao\/\",\"url\":\"https:\/\/quintaleandres.com\/pt_pt\/a-regiao\/\",\"name\":\"A REGI\u00c3O -\",\"isPartOf\":{\"@id\":\"https:\/\/quintaleandres.com\/pt_pt\/#website\"},\"primaryImageOfPage\":{\"@id\":\"https:\/\/quintaleandres.com\/pt_pt\/a-regiao\/#primaryimage\"},\"image\":{\"@id\":\"https:\/\/quintaleandres.com\/pt_pt\/a-regiao\/#primaryimage\"},\"thumbnailUrl\":\"https:\/\/quintaleandres.com\/wp-content\/uploads\/2025\/03\/Igreja_S_Pedro_-_Manteigas_-_Portugal_C2A9_Viaje_Comigo.jpg\",\"datePublished\":\"2025-02-23T09:33:03+00:00\",\"dateModified\":\"2026-01-22T14:29:52+00:00\",\"breadcrumb\":{\"@id\":\"https:\/\/quintaleandres.com\/pt_pt\/a-regiao\/#breadcrumb\"},\"inLanguage\":\"pt-PT\",\"potentialAction\":[{\"@type\":\"ReadAction\",\"target\":[\"https:\/\/quintaleandres.com\/pt_pt\/a-regiao\/\"]}]},{\"@type\":\"ImageObject\",\"inLanguage\":\"pt-PT\",\"@id\":\"https:\/\/quintaleandres.com\/pt_pt\/a-regiao\/#primaryimage\",\"url\":\"https:\/\/quintaleandres.com\/wp-content\/uploads\/2025\/03\/Igreja_S_Pedro_-_Manteigas_-_Portugal_C2A9_Viaje_Comigo.jpg\",\"contentUrl\":\"https:\/\/quintaleandres.com\/wp-content\/uploads\/2025\/03\/Igreja_S_Pedro_-_Manteigas_-_Portugal_C2A9_Viaje_Comigo.jpg\"},{\"@type\":\"BreadcrumbList\",\"@id\":\"https:\/\/quintaleandres.com\/pt_pt\/a-regiao\/#breadcrumb\",\"itemListElement\":[{\"@type\":\"ListItem\",\"position\":1,\"name\":\"In\u00edcio\",\"item\":\"https:\/\/quintaleandres.com\/\"},{\"@type\":\"ListItem\",\"position\":2,\"name\":\"A REGI\u00c3O\"}]},{\"@type\":\"WebSite\",\"@id\":\"https:\/\/quintaleandres.com\/pt_pt\/#website\",\"url\":\"https:\/\/quintaleandres.com\/pt_pt\/\",\"name\":\"\",\"description\":\"\",\"potentialAction\":[{\"@type\":\"SearchAction\",\"target\":{\"@type\":\"EntryPoint\",\"urlTemplate\":\"https:\/\/quintaleandres.com\/pt_pt\/?s={search_term_string}\"},\"query-input\":{\"@type\":\"PropertyValueSpecification\",\"valueRequired\":true,\"valueName\":\"search_term_string\"}}],\"inLanguage\":\"pt-PT\"}]}<\/script>\n<!-- \/ Yoast SEO plugin. -->","yoast_head_json":{"title":"A REGI\u00c3O -","robots":{"index":"index","follow":"follow","max-snippet":"max-snippet:-1","max-image-preview":"max-image-preview:large","max-video-preview":"max-video-preview:-1"},"canonical":"https:\/\/quintaleandres.com\/pt_pt\/a-regiao\/","og_locale":"pt_PT","og_type":"article","og_title":"A REGI\u00c3O -","og_description":"A Regi\u00e3o Reseliva Rezervasyon Motoru &#038; Kanal Y\u00f6neticisi Estamos a menos de 5 minutos de carro do centro da Vila [&hellip;]","og_url":"https:\/\/quintaleandres.com\/pt_pt\/a-regiao\/","article_modified_time":"2026-01-22T14:29:52+00:00","og_image":[{"width":730,"height":548,"url":"https:\/\/quintaleandres.com\/wp-content\/uploads\/2025\/03\/Igreja_S_Pedro_-_Manteigas_-_Portugal_C2A9_Viaje_Comigo.jpg","type":"image\/jpeg"}],"twitter_card":"summary_large_image","twitter_misc":{"Tempo estimado de leitura":"3 minutos"},"schema":{"@context":"https:\/\/schema.org","@graph":[{"@type":"WebPage","@id":"https:\/\/quintaleandres.com\/pt_pt\/a-regiao\/","url":"https:\/\/quintaleandres.com\/pt_pt\/a-regiao\/","name":"A REGI\u00c3O -","isPartOf":{"@id":"https:\/\/quintaleandres.com\/pt_pt\/#website"},"primaryImageOfPage":{"@id":"https:\/\/quintaleandres.com\/pt_pt\/a-regiao\/#primaryimage"},"image":{"@id":"https:\/\/quintaleandres.com\/pt_pt\/a-regiao\/#primaryimage"},"thumbnailUrl":"https:\/\/quintaleandres.com\/wp-content\/uploads\/2025\/03\/Igreja_S_Pedro_-_Manteigas_-_Portugal_C2A9_Viaje_Comigo.jpg","datePublished":"2025-02-23T09:33:03+00:00","dateModified":"2026-01-22T14:29:52+00:00","breadcrumb":{"@id":"https:\/\/quintaleandres.com\/pt_pt\/a-regiao\/#breadcrumb"},"inLanguage":"pt-PT","potentialAction":[{"@type":"ReadAction","target":["https:\/\/quintaleandres.com\/pt_pt\/a-regiao\/"]}]},{"@type":"ImageObject","inLanguage":"pt-PT","@id":"https:\/\/quintaleandres.com\/pt_pt\/a-regiao\/#primaryimage","url":"https:\/\/quintaleandres.com\/wp-content\/uploads\/2025\/03\/Igreja_S_Pedro_-_Manteigas_-_Portugal_C2A9_Viaje_Comigo.jpg","contentUrl":"https:\/\/quintaleandres.com\/wp-content\/uploads\/2025\/03\/Igreja_S_Pedro_-_Manteigas_-_Portugal_C2A9_Viaje_Comigo.jpg"},{"@type":"BreadcrumbList","@id":"https:\/\/quintaleandres.com\/pt_pt\/a-regiao\/#breadcrumb","itemListElement":[{"@type":"ListItem","position":1,"name":"In\u00edcio","item":"https:\/\/quintaleandres.com\/"},{"@type":"ListItem","position":2,"name":"A REGI\u00c3O"}]},{"@type":"WebSite","@id":"https:\/\/quintaleandres.com\/pt_pt\/#website","url":"https:\/\/quintaleandres.com\/pt_pt\/","name":"","description":"","potentialAction":[{"@type":"SearchAction","target":{"@type":"EntryPoint","urlTemplate":"https:\/\/quintaleandres.com\/pt_pt\/?s={search_term_string}"},"query-input":{"@type":"PropertyValueSpecification","valueRequired":true,"valueName":"search_term_string"}}],"inLanguage":"pt-PT"}]}},"_links":{"self":[{"href":"https:\/\/quintaleandres.com\/pt_pt\/wp-json\/wp\/v2\/pages\/20","targetHints":{"allow":["GET"]}}],"collection":[{"href":"https:\/\/quintaleandres.com\/pt_pt\/wp-json\/wp\/v2\/pages"}],"about":[{"href":"https:\/\/quintaleandres.com\/pt_pt\/wp-json\/wp\/v2\/types\/page"}],"author":[{"embeddable":true,"href":"https:\/\/quintaleandres.com\/pt_pt\/wp-json\/wp\/v2\/users\/2"}],"replies":[{"embeddable":true,"href":"https:\/\/quintaleandres.com\/pt_pt\/wp-json\/wp\/v2\/comments?post=20"}],"version-history":[{"count":35,"href":"https:\/\/quintaleandres.com\/pt_pt\/wp-json\/wp\/v2\/pages\/20\/revisions"}],"predecessor-version":[{"id":506,"href":"https:\/\/quintaleandres.com\/pt_pt\/wp-json\/wp\/v2\/pages\/20\/revisions\/506"}],"wp:attachment":[{"href":"https:\/\/quintaleandres.com\/pt_pt\/wp-json\/wp\/v2\/media?parent=20"}],"curies":[{"name":"wp","href":"https:\/\/api.w.org\/{rel}","templated":true}]}}