{"id":18,"date":"2025-02-23T09:31:27","date_gmt":"2025-02-23T09:31:27","guid":{"rendered":"https:\/\/quintaleandres.com\/?page_id=18"},"modified":"2026-01-22T14:31:58","modified_gmt":"2026-01-22T14:31:58","slug":"alojamento","status":"publish","type":"page","link":"https:\/\/quintaleandres.com\/pt_pt\/alojamento\/","title":{"rendered":"ALOJAMENTO"},"content":{"rendered":"\t\t<div data-elementor-type=\"wp-page\" data-elementor-id=\"18\" class=\"elementor elementor-18\">\n\t\t\t\t<div class=\"elementor-element elementor-element-14ab884 e-con-full e-flex e-con e-parent\" data-id=\"14ab884\" data-element_type=\"container\" data-settings=\"{&quot;background_background&quot;:&quot;classic&quot;}\">\n\t\t\t\t<div class=\"elementor-element elementor-element-f7472ee elementor-widget elementor-widget-heading\" data-id=\"f7472ee\" data-element_type=\"widget\" data-widget_type=\"heading.default\">\n\t\t\t\t<div class=\"elementor-widget-container\">\n\t\t\t\t\t<h2 class=\"elementor-heading-title elementor-size-default\">Acomoda\u00e7\u00f5es<\/h2>\t\t\t\t<\/div>\n\t\t\t\t<\/div>\n\t\t\t\t<\/div>\n\t\t<div class=\"elementor-element elementor-element-aa52093 e-flex e-con-boxed e-con e-parent\" data-id=\"aa52093\" data-element_type=\"container\" data-settings=\"{&quot;background_background&quot;:&quot;classic&quot;}\">\n\t\t\t\t\t<div class=\"e-con-inner\">\n\t\t<div class=\"elementor-element elementor-element-4d16ddc e-con-full e-flex e-con e-child\" data-id=\"4d16ddc\" data-element_type=\"container\">\n\t\t\t\t<div class=\"elementor-element elementor-element-944a6e8 elementor-widget elementor-widget-heading\" data-id=\"944a6e8\" data-element_type=\"widget\" data-widget_type=\"heading.default\">\n\t\t\t\t<div class=\"elementor-widget-container\">\n\t\t\t\t\t<h2 class=\"elementor-heading-title elementor-size-default\">QUARTO FAMILIAR<\/h2>\t\t\t\t<\/div>\n\t\t\t\t<\/div>\n\t\t\t\t<div class=\"elementor-element elementor-element-072e17d elementor-widget elementor-widget-text-editor\" data-id=\"072e17d\" data-element_type=\"widget\" data-widget_type=\"text-editor.default\">\n\t\t\t\t<div class=\"elementor-widget-container\">\n\t\t\t\t\t\t\t\t\t<p><span style=\"font-weight: 400;\">Quarto confort\u00e1vel com uma cama de casal e um beliche para dois adultos e duas crian\u00e7as, parede em granito, piso em madeira, casa de banho privativa com banheira, televis\u00e3o de ecr\u00e3 plano, aquecimento central e\/ou ar-condicionado. O quarto disp\u00f5e de varandim com belas vistas de montanha.<\/span><\/p>\t\t\t\t\t\t\t\t<\/div>\n\t\t\t\t<\/div>\n\t\t\t\t<div class=\"elementor-element elementor-element-048883f elementor-tablet-align-center elementor-widget elementor-widget-button\" data-id=\"048883f\" data-element_type=\"widget\" data-widget_type=\"button.default\">\n\t\t\t\t<div class=\"elementor-widget-container\">\n\t\t\t\t\t\t\t\t\t<div class=\"elementor-button-wrapper\">\n\t\t\t\t\t<a class=\"elementor-button elementor-button-link elementor-size-sm\" href=\"https:\/\/quintaleandres.com\/pt_pt\/reservation\/\" target=\"_blank\">\n\t\t\t\t\t\t<span class=\"elementor-button-content-wrapper\">\n\t\t\t\t\t\t\t\t\t<span class=\"elementor-button-text\">FA\u00c7A SUA RESERVA<\/span>\n\t\t\t\t\t<\/span>\n\t\t\t\t\t<\/a>\n\t\t\t\t<\/div>\n\t\t\t\t\t\t\t\t<\/div>\n\t\t\t\t<\/div>\n\t\t\t\t<\/div>\n\t\t<div class=\"elementor-element elementor-element-592b777 e-con-full e-flex e-con e-child\" data-id=\"592b777\" data-element_type=\"container\" data-settings=\"{&quot;background_background&quot;:&quot;slideshow&quot;,&quot;background_slideshow_gallery&quot;:[{&quot;id&quot;:263,&quot;url&quot;:&quot;https:\\\/\\\/quintaleandres.com\\\/wp-content\\\/uploads\\\/2025\\\/03\\\/IMG20221111124311-1-scaled.jpg&quot;},{&quot;id&quot;:262,&quot;url&quot;:&quot;https:\\\/\\\/quintaleandres.com\\\/wp-content\\\/uploads\\\/2025\\\/03\\\/IMG20221111124516-scaled.jpg&quot;},{&quot;id&quot;:261,&quot;url&quot;:&quot;https:\\\/\\\/quintaleandres.com\\\/wp-content\\\/uploads\\\/2025\\\/03\\\/IMG20221111131344-scaled.jpg&quot;},{&quot;id&quot;:260,&quot;url&quot;:&quot;https:\\\/\\\/quintaleandres.com\\\/wp-content\\\/uploads\\\/2025\\\/03\\\/IMG20221111131641-scaled.jpg&quot;}],&quot;background_slideshow_loop&quot;:&quot;yes&quot;,&quot;background_slideshow_slide_duration&quot;:5000,&quot;background_slideshow_slide_transition&quot;:&quot;fade&quot;,&quot;background_slideshow_transition_duration&quot;:500}\">\n\t\t\t\t<\/div>\n\t\t\t\t\t<\/div>\n\t\t\t\t<\/div>\n\t\t<div class=\"elementor-element elementor-element-46cdd4c e-flex e-con-boxed e-con e-parent\" data-id=\"46cdd4c\" data-element_type=\"container\" data-settings=\"{&quot;background_background&quot;:&quot;classic&quot;}\">\n\t\t\t\t\t<div class=\"e-con-inner\">\n\t\t<div class=\"elementor-element elementor-element-8367b9f e-con-full e-flex e-con e-child\" data-id=\"8367b9f\" data-element_type=\"container\">\n\t\t\t\t<div class=\"elementor-element elementor-element-e9b62c9 elementor-widget elementor-widget-heading\" data-id=\"e9b62c9\" data-element_type=\"widget\" data-widget_type=\"heading.default\">\n\t\t\t\t<div class=\"elementor-widget-container\">\n\t\t\t\t\t<h2 class=\"elementor-heading-title elementor-size-default\">QUARTO DUPLO<\/h2>\t\t\t\t<\/div>\n\t\t\t\t<\/div>\n\t\t\t\t<div class=\"elementor-element elementor-element-635010b elementor-widget elementor-widget-text-editor\" data-id=\"635010b\" data-element_type=\"widget\" data-widget_type=\"text-editor.default\">\n\t\t\t\t<div class=\"elementor-widget-container\">\n\t\t\t\t\t\t\t\t\t<p><span style=\"font-weight: 400;\">Quarto confort\u00e1vel com cama de casal, piso em madeira, casa de banho privativa com banheira ou duche, televis\u00e3o de ecr\u00e3 plano, aquecimento central e\/ou ar-condicionado. Os quartos r\u00fasticos (paredes de pedra e madeira) disp\u00f5em de varandim e os restantes quartos possuem varanda, todos com belas vistas de montanha.<\/span><\/p>\t\t\t\t\t\t\t\t<\/div>\n\t\t\t\t<\/div>\n\t\t\t\t<div class=\"elementor-element elementor-element-accf7a6 elementor-widget elementor-widget-button\" data-id=\"accf7a6\" data-element_type=\"widget\" data-widget_type=\"button.default\">\n\t\t\t\t<div class=\"elementor-widget-container\">\n\t\t\t\t\t\t\t\t\t<div class=\"elementor-button-wrapper\">\n\t\t\t\t\t<a class=\"elementor-button elementor-button-link elementor-size-sm\" href=\"https:\/\/quintaleandres.com\/pt_pt\/reservation\/\" target=\"_blank\">\n\t\t\t\t\t\t<span class=\"elementor-button-content-wrapper\">\n\t\t\t\t\t\t\t\t\t<span class=\"elementor-button-text\">FA\u00c7A SUA RESERVA<\/span>\n\t\t\t\t\t<\/span>\n\t\t\t\t\t<\/a>\n\t\t\t\t<\/div>\n\t\t\t\t\t\t\t\t<\/div>\n\t\t\t\t<\/div>\n\t\t\t\t<\/div>\n\t\t<div class=\"elementor-element elementor-element-343bdde e-con-full e-flex e-con e-child\" data-id=\"343bdde\" data-element_type=\"container\" data-settings=\"{&quot;background_background&quot;:&quot;slideshow&quot;,&quot;background_slideshow_gallery&quot;:[{&quot;id&quot;:281,&quot;url&quot;:&quot;https:\\\/\\\/quintaleandres.com\\\/wp-content\\\/uploads\\\/2025\\\/03\\\/IMG20220604155428-scaled.jpg&quot;},{&quot;id&quot;:272,&quot;url&quot;:&quot;https:\\\/\\\/quintaleandres.com\\\/wp-content\\\/uploads\\\/2025\\\/03\\\/IMG20221111131641-1-scaled.jpg&quot;},{&quot;id&quot;:273,&quot;url&quot;:&quot;https:\\\/\\\/quintaleandres.com\\\/wp-content\\\/uploads\\\/2025\\\/03\\\/IMG20221111131344-1-scaled.jpg&quot;},{&quot;id&quot;:118,&quot;url&quot;:&quot;https:\\\/\\\/quintaleandres.com\\\/wp-content\\\/uploads\\\/2025\\\/03\\\/IMG20220605093741-scaled.jpg&quot;}],&quot;background_slideshow_loop&quot;:&quot;yes&quot;,&quot;background_slideshow_slide_duration&quot;:5000,&quot;background_slideshow_slide_transition&quot;:&quot;fade&quot;,&quot;background_slideshow_transition_duration&quot;:500}\">\n\t\t\t\t<\/div>\n\t\t\t\t\t<\/div>\n\t\t\t\t<\/div>\n\t\t<div class=\"elementor-element elementor-element-66420c8 e-flex e-con-boxed e-con e-parent\" data-id=\"66420c8\" data-element_type=\"container\" data-settings=\"{&quot;background_background&quot;:&quot;classic&quot;}\">\n\t\t\t\t\t<div class=\"e-con-inner\">\n\t\t<div class=\"elementor-element elementor-element-4cef027 e-con-full e-flex e-con e-child\" data-id=\"4cef027\" data-element_type=\"container\">\n\t\t\t\t<div class=\"elementor-element elementor-element-7b7ebf7 elementor-widget elementor-widget-heading\" data-id=\"7b7ebf7\" data-element_type=\"widget\" data-widget_type=\"heading.default\">\n\t\t\t\t<div class=\"elementor-widget-container\">\n\t\t\t\t\t<h2 class=\"elementor-heading-title elementor-size-default\">QUARTO TWIN<\/h2>\t\t\t\t<\/div>\n\t\t\t\t<\/div>\n\t\t\t\t<div class=\"elementor-element elementor-element-b9f06d9 elementor-widget elementor-widget-text-editor\" data-id=\"b9f06d9\" data-element_type=\"widget\" data-widget_type=\"text-editor.default\">\n\t\t\t\t<div class=\"elementor-widget-container\">\n\t\t\t\t\t\t\t\t\t<p><span style=\"font-weight: 400;\">Quarto confort\u00e1vel com duas camas individuais, piso em madeira, casa de banho privativa com banheira ou duche, televis\u00e3o de ecr\u00e3 plano, aquecimento central e\/ou ar-condicionado. Os quartos disp\u00f5em de terra\u00e7o com belas vistas de montanha.<\/span><\/p>\t\t\t\t\t\t\t\t<\/div>\n\t\t\t\t<\/div>\n\t\t\t\t<div class=\"elementor-element elementor-element-8408746 elementor-widget elementor-widget-button\" data-id=\"8408746\" data-element_type=\"widget\" data-widget_type=\"button.default\">\n\t\t\t\t<div class=\"elementor-widget-container\">\n\t\t\t\t\t\t\t\t\t<div class=\"elementor-button-wrapper\">\n\t\t\t\t\t<a class=\"elementor-button elementor-button-link elementor-size-sm\" href=\"https:\/\/quintaleandres.com\/pt_pt\/reservation\/\" target=\"_blank\">\n\t\t\t\t\t\t<span class=\"elementor-button-content-wrapper\">\n\t\t\t\t\t\t\t\t\t<span class=\"elementor-button-text\">FA\u00c7A SUA RESERVA<\/span>\n\t\t\t\t\t<\/span>\n\t\t\t\t\t<\/a>\n\t\t\t\t<\/div>\n\t\t\t\t\t\t\t\t<\/div>\n\t\t\t\t<\/div>\n\t\t\t\t<\/div>\n\t\t<div class=\"elementor-element elementor-element-0c88204 e-con-full e-flex e-con e-child\" data-id=\"0c88204\" data-element_type=\"container\" data-settings=\"{&quot;background_background&quot;:&quot;slideshow&quot;,&quot;background_slideshow_gallery&quot;:[{&quot;id&quot;:285,&quot;url&quot;:&quot;https:\\\/\\\/quintaleandres.com\\\/wp-content\\\/uploads\\\/2025\\\/03\\\/IMG20221111113210-scaled.jpg&quot;},{&quot;id&quot;:284,&quot;url&quot;:&quot;https:\\\/\\\/quintaleandres.com\\\/wp-content\\\/uploads\\\/2025\\\/03\\\/IMG20220703211544-scaled.jpg&quot;},{&quot;id&quot;:273,&quot;url&quot;:&quot;https:\\\/\\\/quintaleandres.com\\\/wp-content\\\/uploads\\\/2025\\\/03\\\/IMG20221111131344-1-scaled.jpg&quot;},{&quot;id&quot;:272,&quot;url&quot;:&quot;https:\\\/\\\/quintaleandres.com\\\/wp-content\\\/uploads\\\/2025\\\/03\\\/IMG20221111131641-1-scaled.jpg&quot;}],&quot;background_slideshow_loop&quot;:&quot;yes&quot;,&quot;background_slideshow_slide_duration&quot;:5000,&quot;background_slideshow_slide_transition&quot;:&quot;fade&quot;,&quot;background_slideshow_transition_duration&quot;:500}\">\n\t\t\t\t<\/div>\n\t\t\t\t\t<\/div>\n\t\t\t\t<\/div>\n\t\t<div class=\"elementor-element elementor-element-741b756 e-flex e-con-boxed e-con e-parent\" data-id=\"741b756\" data-element_type=\"container\" data-settings=\"{&quot;background_background&quot;:&quot;classic&quot;}\">\n\t\t\t\t\t<div class=\"e-con-inner\">\n\t\t<div class=\"elementor-element elementor-element-a25fc83 e-con-full e-flex e-con e-child\" data-id=\"a25fc83\" data-element_type=\"container\">\n\t\t\t\t<div class=\"elementor-element elementor-element-8fe591f elementor-widget elementor-widget-heading\" data-id=\"8fe591f\" data-element_type=\"widget\" data-widget_type=\"heading.default\">\n\t\t\t\t<div class=\"elementor-widget-container\">\n\t\t\t\t\t<h2 class=\"elementor-heading-title elementor-size-default\">QUARTO TRIPLO<\/h2>\t\t\t\t<\/div>\n\t\t\t\t<\/div>\n\t\t\t\t<div class=\"elementor-element elementor-element-00aed2a elementor-widget elementor-widget-text-editor\" data-id=\"00aed2a\" data-element_type=\"widget\" data-widget_type=\"text-editor.default\">\n\t\t\t\t<div class=\"elementor-widget-container\">\n\t\t\t\t\t\t\t\t\t<p><span style=\"font-weight: 400;\">Quarto com tr\u00eas camas individuais, piso em madeira, casa de banho privativa com banheira ou duche, televis\u00e3o de ecr\u00e3 plano, aquecimento central e\/ou ar-condicionado. Os quartos disp\u00f5em de terra\u00e7o com belas vistas de montanha.<\/span><\/p>\t\t\t\t\t\t\t\t<\/div>\n\t\t\t\t<\/div>\n\t\t\t\t<div class=\"elementor-element elementor-element-28267b2 elementor-widget elementor-widget-button\" data-id=\"28267b2\" data-element_type=\"widget\" data-widget_type=\"button.default\">\n\t\t\t\t<div class=\"elementor-widget-container\">\n\t\t\t\t\t\t\t\t\t<div class=\"elementor-button-wrapper\">\n\t\t\t\t\t<a class=\"elementor-button elementor-button-link elementor-size-sm\" href=\"https:\/\/quintaleandres.com\/pt_pt\/reservation\/\" target=\"_blank\">\n\t\t\t\t\t\t<span class=\"elementor-button-content-wrapper\">\n\t\t\t\t\t\t\t\t\t<span class=\"elementor-button-text\">FA\u00c7A SUA RESERVA<\/span>\n\t\t\t\t\t<\/span>\n\t\t\t\t\t<\/a>\n\t\t\t\t<\/div>\n\t\t\t\t\t\t\t\t<\/div>\n\t\t\t\t<\/div>\n\t\t\t\t<\/div>\n\t\t<div class=\"elementor-element elementor-element-9e8cee9 e-con-full e-flex e-con e-child\" data-id=\"9e8cee9\" data-element_type=\"container\" data-settings=\"{&quot;background_background&quot;:&quot;slideshow&quot;,&quot;background_slideshow_gallery&quot;:[{&quot;id&quot;:282,&quot;url&quot;:&quot;https:\\\/\\\/quintaleandres.com\\\/wp-content\\\/uploads\\\/2025\\\/03\\\/IMG20221111120719-scaled.jpg&quot;},{&quot;id&quot;:283,&quot;url&quot;:&quot;https:\\\/\\\/quintaleandres.com\\\/wp-content\\\/uploads\\\/2025\\\/03\\\/IMG20220703211340-scaled.jpg&quot;},{&quot;id&quot;:273,&quot;url&quot;:&quot;https:\\\/\\\/quintaleandres.com\\\/wp-content\\\/uploads\\\/2025\\\/03\\\/IMG20221111131344-1-scaled.jpg&quot;},{&quot;id&quot;:272,&quot;url&quot;:&quot;https:\\\/\\\/quintaleandres.com\\\/wp-content\\\/uploads\\\/2025\\\/03\\\/IMG20221111131641-1-scaled.jpg&quot;}],&quot;background_slideshow_loop&quot;:&quot;yes&quot;,&quot;background_slideshow_slide_duration&quot;:5000,&quot;background_slideshow_slide_transition&quot;:&quot;fade&quot;,&quot;background_slideshow_transition_duration&quot;:500}\">\n\t\t\t\t<\/div>\n\t\t\t\t\t<\/div>\n\t\t\t\t<\/div>\n\t\t\t\t<\/div>\n\t\t","protected":false},"excerpt":{"rendered":"<p>Acomoda\u00e7\u00f5es QUARTO FAMILIAR Quarto confort\u00e1vel com uma cama de casal e um beliche para dois adultos e duas crian\u00e7as, parede [&hellip;]<\/p>\n","protected":false},"author":2,"featured_media":0,"parent":0,"menu_order":0,"comment_status":"closed","ping_status":"closed","template":"","meta":{"site-sidebar-layout":"no-sidebar","site-content-layout":"","ast-site-content-layout":"full-width-container","site-content-style":"default","site-sidebar-style":"default","ast-global-header-display":"","ast-banner-title-visibility":"","ast-main-header-display":"","ast-hfb-above-header-display":"","ast-hfb-below-header-display":"","ast-hfb-mobile-header-display":"","site-post-title":"disabled","ast-breadcrumbs-content":"","ast-featured-img":"disabled","footer-sml-layout":"","theme-transparent-header-meta":"","adv-header-id-meta":"","stick-header-meta":"","header-above-stick-meta":"","header-main-stick-meta":"","header-below-stick-meta":"","astra-migrate-meta-layouts":"default","ast-page-background-enabled":"default","ast-page-background-meta":{"desktop":{"background-color":"var(--ast-global-color-5)","background-image":"","background-repeat":"repeat","background-position":"center center","background-size":"auto","background-attachment":"scroll","background-type":"","background-media":"","overlay-type":"","overlay-color":"","overlay-opacity":"","overlay-gradient":""},"tablet":{"background-color":"","background-image":"","background-repeat":"repeat","background-position":"center center","background-size":"auto","background-attachment":"scroll","background-type":"","background-media":"","overlay-type":"","overlay-color":"","overlay-opacity":"","overlay-gradient":""},"mobile":{"background-color":"","background-image":"","background-repeat":"repeat","background-position":"center center","background-size":"auto","background-attachment":"scroll","background-type":"","background-media":"","overlay-type":"","overlay-color":"","overlay-opacity":"","overlay-gradient":""}},"ast-content-background-meta":{"desktop":{"background-color":"var(--ast-global-color-4)","background-image":"","background-repeat":"repeat","background-position":"center center","background-size":"auto","background-attachment":"scroll","background-type":"","background-media":"","overlay-type":"","overlay-color":"","overlay-opacity":"","overlay-gradient":""},"tablet":{"background-color":"var(--ast-global-color-4)","background-image":"","background-repeat":"repeat","background-position":"center center","background-size":"auto","background-attachment":"scroll","background-type":"","background-media":"","overlay-type":"","overlay-color":"","overlay-opacity":"","overlay-gradient":""},"mobile":{"background-color":"var(--ast-global-color-4)","background-image":"","background-repeat":"repeat","background-position":"center center","background-size":"auto","background-attachment":"scroll","background-type":"","background-media":"","overlay-type":"","overlay-color":"","overlay-opacity":"","overlay-gradient":""}},"footnotes":""},"class_list":["post-18","page","type-page","status-publish","hentry"],"aioseo_notices":[],"yoast_head":"<!-- This site is optimized with the Yoast SEO plugin v24.7 - https:\/\/yoast.com\/wordpress\/plugins\/seo\/ -->\n<title>ALOJAMENTO -<\/title>\n<meta name=\"robots\" content=\"index, follow, max-snippet:-1, max-image-preview:large, max-video-preview:-1\" \/>\n<link rel=\"canonical\" href=\"https:\/\/quintaleandres.com\/pt_pt\/alojamento\/\" \/>\n<meta property=\"og:locale\" content=\"pt_PT\" \/>\n<meta property=\"og:type\" content=\"article\" \/>\n<meta property=\"og:title\" content=\"ALOJAMENTO -\" \/>\n<meta property=\"og:description\" content=\"Acomoda\u00e7\u00f5es QUARTO FAMILIAR Quarto confort\u00e1vel com uma cama de casal e um beliche para dois adultos e duas crian\u00e7as, parede [&hellip;]\" \/>\n<meta property=\"og:url\" content=\"https:\/\/quintaleandres.com\/pt_pt\/alojamento\/\" \/>\n<meta property=\"article:modified_time\" content=\"2026-01-22T14:31:58+00:00\" \/>\n<meta name=\"twitter:card\" content=\"summary_large_image\" \/>\n<meta name=\"twitter:label1\" content=\"Tempo estimado de leitura\" \/>\n\t<meta name=\"twitter:data1\" content=\"1 minuto\" \/>\n<script type=\"application\/ld+json\" class=\"yoast-schema-graph\">{\"@context\":\"https:\/\/schema.org\",\"@graph\":[{\"@type\":\"WebPage\",\"@id\":\"https:\/\/quintaleandres.com\/alojamento\/\",\"url\":\"https:\/\/quintaleandres.com\/alojamento\/\",\"name\":\"ALOJAMENTO -\",\"isPartOf\":{\"@id\":\"https:\/\/quintaleandres.com\/pt_pt\/#website\"},\"datePublished\":\"2025-02-23T09:31:27+00:00\",\"dateModified\":\"2026-01-22T14:31:58+00:00\",\"breadcrumb\":{\"@id\":\"https:\/\/quintaleandres.com\/alojamento\/#breadcrumb\"},\"inLanguage\":\"pt-PT\",\"potentialAction\":[{\"@type\":\"ReadAction\",\"target\":[\"https:\/\/quintaleandres.com\/alojamento\/\"]}]},{\"@type\":\"BreadcrumbList\",\"@id\":\"https:\/\/quintaleandres.com\/alojamento\/#breadcrumb\",\"itemListElement\":[{\"@type\":\"ListItem\",\"position\":1,\"name\":\"In\u00edcio\",\"item\":\"https:\/\/quintaleandres.com\/\"},{\"@type\":\"ListItem\",\"position\":2,\"name\":\"ALOJAMENTO\"}]},{\"@type\":\"WebSite\",\"@id\":\"https:\/\/quintaleandres.com\/pt_pt\/#website\",\"url\":\"https:\/\/quintaleandres.com\/pt_pt\/\",\"name\":\"\",\"description\":\"\",\"potentialAction\":[{\"@type\":\"SearchAction\",\"target\":{\"@type\":\"EntryPoint\",\"urlTemplate\":\"https:\/\/quintaleandres.com\/pt_pt\/?s={search_term_string}\"},\"query-input\":{\"@type\":\"PropertyValueSpecification\",\"valueRequired\":true,\"valueName\":\"search_term_string\"}}],\"inLanguage\":\"pt-PT\"}]}<\/script>\n<!-- \/ Yoast SEO plugin. -->","yoast_head_json":{"title":"ALOJAMENTO -","robots":{"index":"index","follow":"follow","max-snippet":"max-snippet:-1","max-image-preview":"max-image-preview:large","max-video-preview":"max-video-preview:-1"},"canonical":"https:\/\/quintaleandres.com\/pt_pt\/alojamento\/","og_locale":"pt_PT","og_type":"article","og_title":"ALOJAMENTO -","og_description":"Acomoda\u00e7\u00f5es QUARTO FAMILIAR Quarto confort\u00e1vel com uma cama de casal e um beliche para dois adultos e duas crian\u00e7as, parede [&hellip;]","og_url":"https:\/\/quintaleandres.com\/pt_pt\/alojamento\/","article_modified_time":"2026-01-22T14:31:58+00:00","twitter_card":"summary_large_image","twitter_misc":{"Tempo estimado de leitura":"1 minuto"},"schema":{"@context":"https:\/\/schema.org","@graph":[{"@type":"WebPage","@id":"https:\/\/quintaleandres.com\/alojamento\/","url":"https:\/\/quintaleandres.com\/alojamento\/","name":"ALOJAMENTO -","isPartOf":{"@id":"https:\/\/quintaleandres.com\/pt_pt\/#website"},"datePublished":"2025-02-23T09:31:27+00:00","dateModified":"2026-01-22T14:31:58+00:00","breadcrumb":{"@id":"https:\/\/quintaleandres.com\/alojamento\/#breadcrumb"},"inLanguage":"pt-PT","potentialAction":[{"@type":"ReadAction","target":["https:\/\/quintaleandres.com\/alojamento\/"]}]},{"@type":"BreadcrumbList","@id":"https:\/\/quintaleandres.com\/alojamento\/#breadcrumb","itemListElement":[{"@type":"ListItem","position":1,"name":"In\u00edcio","item":"https:\/\/quintaleandres.com\/"},{"@type":"ListItem","position":2,"name":"ALOJAMENTO"}]},{"@type":"WebSite","@id":"https:\/\/quintaleandres.com\/pt_pt\/#website","url":"https:\/\/quintaleandres.com\/pt_pt\/","name":"","description":"","potentialAction":[{"@type":"SearchAction","target":{"@type":"EntryPoint","urlTemplate":"https:\/\/quintaleandres.com\/pt_pt\/?s={search_term_string}"},"query-input":{"@type":"PropertyValueSpecification","valueRequired":true,"valueName":"search_term_string"}}],"inLanguage":"pt-PT"}]}},"_links":{"self":[{"href":"https:\/\/quintaleandres.com\/pt_pt\/wp-json\/wp\/v2\/pages\/18","targetHints":{"allow":["GET"]}}],"collection":[{"href":"https:\/\/quintaleandres.com\/pt_pt\/wp-json\/wp\/v2\/pages"}],"about":[{"href":"https:\/\/quintaleandres.com\/pt_pt\/wp-json\/wp\/v2\/types\/page"}],"author":[{"embeddable":true,"href":"https:\/\/quintaleandres.com\/pt_pt\/wp-json\/wp\/v2\/users\/2"}],"replies":[{"embeddable":true,"href":"https:\/\/quintaleandres.com\/pt_pt\/wp-json\/wp\/v2\/comments?post=18"}],"version-history":[{"count":41,"href":"https:\/\/quintaleandres.com\/pt_pt\/wp-json\/wp\/v2\/pages\/18\/revisions"}],"predecessor-version":[{"id":512,"href":"https:\/\/quintaleandres.com\/pt_pt\/wp-json\/wp\/v2\/pages\/18\/revisions\/512"}],"wp:attachment":[{"href":"https:\/\/quintaleandres.com\/pt_pt\/wp-json\/wp\/v2\/media?parent=18"}],"curies":[{"name":"wp","href":"https:\/\/api.w.org\/{rel}","templated":true}]}}