{"id":16,"date":"2025-02-23T09:28:22","date_gmt":"2025-02-23T09:28:22","guid":{"rendered":"https:\/\/quintaleandres.com\/?page_id=16"},"modified":"2025-03-16T16:16:47","modified_gmt":"2025-03-16T16:16:47","slug":"sobre","status":"publish","type":"page","link":"https:\/\/quintaleandres.com\/pt_pt\/sobre\/","title":{"rendered":"SOBRE"},"content":{"rendered":"\t\t<div data-elementor-type=\"wp-page\" data-elementor-id=\"16\" class=\"elementor elementor-16\">\n\t\t\t\t<div class=\"elementor-element elementor-element-4e9249e e-flex e-con-boxed e-con e-parent\" data-id=\"4e9249e\" data-element_type=\"container\" id=\"sobre\" data-settings=\"{&quot;background_background&quot;:&quot;classic&quot;}\">\n\t\t\t\t\t<div class=\"e-con-inner\">\n\t\t\t\t<div class=\"elementor-element elementor-element-763331e elementor-widget elementor-widget-heading\" data-id=\"763331e\" data-element_type=\"widget\" data-widget_type=\"heading.default\">\n\t\t\t\t<div class=\"elementor-widget-container\">\n\t\t\t\t\t<h2 class=\"elementor-heading-title elementor-size-default\">Sobre a Quinta <br>de Leandres<\/h2>\t\t\t\t<\/div>\n\t\t\t\t<\/div>\n\t\t\t\t\t<\/div>\n\t\t\t\t<\/div>\n\t\t<div class=\"elementor-element elementor-element-82f3498 e-flex e-con-boxed e-con e-parent\" data-id=\"82f3498\" data-element_type=\"container\">\n\t\t\t\t\t<div class=\"e-con-inner\">\n\t\t<div class=\"elementor-element elementor-element-302a20c e-con-full e-flex e-con e-child\" data-id=\"302a20c\" data-element_type=\"container\" data-settings=\"{&quot;background_background&quot;:&quot;classic&quot;}\">\n\t\t\t\t<div class=\"elementor-element elementor-element-a242ffd elementor-widget elementor-widget-heading\" data-id=\"a242ffd\" data-element_type=\"widget\" data-widget_type=\"heading.default\">\n\t\t\t\t<div class=\"elementor-widget-container\">\n\t\t\t\t\t<h2 class=\"elementor-heading-title elementor-size-default\">UM REF\u00daGIO NA <br>NATUREZA<\/h2>\t\t\t\t<\/div>\n\t\t\t\t<\/div>\n\t\t\t\t<div class=\"elementor-element elementor-element-645797c elementor-widget elementor-widget-text-editor\" data-id=\"645797c\" data-element_type=\"widget\" data-widget_type=\"text-editor.default\">\n\t\t\t\t<div class=\"elementor-widget-container\">\n\t\t\t\t\t\t\t\t\t<p>A Quinta de Leandres \u00e9 uma unidade de turismo rural situada num cen\u00e1rio \u00fanico, rodeada por belas paisagens de montanha, no cora\u00e7\u00e3o do Parque Natural da Serra da Estrela. Localizada numa zona florestal, na margem direita do rio Z\u00eazere, a quinta proporciona uma experi\u00eancia aut\u00eantica para quem procura tranquilidade, conforto e contacto com a natureza.<\/p>\t\t\t\t\t\t\t\t<\/div>\n\t\t\t\t<\/div>\n\t\t\t\t<\/div>\n\t\t<div class=\"elementor-element elementor-element-f04d728 e-con-full e-flex e-con e-child\" data-id=\"f04d728\" data-element_type=\"container\" data-settings=\"{&quot;background_background&quot;:&quot;classic&quot;}\">\n\t\t\t\t<div class=\"elementor-element elementor-element-c981e60 elementor-widget elementor-widget-image\" data-id=\"c981e60\" data-element_type=\"widget\" data-widget_type=\"image.default\">\n\t\t\t\t<div class=\"elementor-widget-container\">\n\t\t\t\t\t\t\t\t\t\t\t\t\t\t\t<img fetchpriority=\"high\" decoding=\"async\" width=\"1024\" height=\"768\" src=\"https:\/\/quintaleandres.com\/wp-content\/uploads\/2025\/03\/IMG20230628164512-1-1024x768.jpg\" class=\"attachment-large size-large wp-image-99\" alt=\"\" srcset=\"https:\/\/quintaleandres.com\/wp-content\/uploads\/2025\/03\/IMG20230628164512-1-1024x768.jpg 1024w, https:\/\/quintaleandres.com\/wp-content\/uploads\/2025\/03\/IMG20230628164512-1-300x225.jpg 300w, https:\/\/quintaleandres.com\/wp-content\/uploads\/2025\/03\/IMG20230628164512-1-768x576.jpg 768w, https:\/\/quintaleandres.com\/wp-content\/uploads\/2025\/03\/IMG20230628164512-1-1536x1152.jpg 1536w, https:\/\/quintaleandres.com\/wp-content\/uploads\/2025\/03\/IMG20230628164512-1-2048x1536.jpg 2048w\" sizes=\"(max-width: 1024px) 100vw, 1024px\" \/>\t\t\t\t\t\t\t\t\t\t\t\t\t\t\t<\/div>\n\t\t\t\t<\/div>\n\t\t\t\t<\/div>\n\t\t\t\t\t<\/div>\n\t\t\t\t<\/div>\n\t\t<div class=\"elementor-element elementor-element-2ada84f e-flex e-con-boxed e-con e-parent\" data-id=\"2ada84f\" data-element_type=\"container\" data-settings=\"{&quot;background_background&quot;:&quot;classic&quot;}\">\n\t\t\t\t\t<div class=\"e-con-inner\">\n\t\t\t\t\t<\/div>\n\t\t\t\t<\/div>\n\t\t<div class=\"elementor-element elementor-element-dc85cb0 e-flex e-con-boxed e-con e-parent\" data-id=\"dc85cb0\" data-element_type=\"container\">\n\t\t\t\t\t<div class=\"e-con-inner\">\n\t\t\t\t<div class=\"elementor-element elementor-element-7bbb37f elementor-widget elementor-widget-heading\" data-id=\"7bbb37f\" data-element_type=\"widget\" data-widget_type=\"heading.default\">\n\t\t\t\t<div class=\"elementor-widget-container\">\n\t\t\t\t\t<h2 class=\"elementor-heading-title elementor-size-default\">ACOMODA\u00c7\u00d5ES  CONFORT\u00c1VEIS<\/h2>\t\t\t\t<\/div>\n\t\t\t\t<\/div>\n\t\t\t\t<div class=\"elementor-element elementor-element-f388fea elementor-widget elementor-widget-text-editor\" data-id=\"f388fea\" data-element_type=\"widget\" data-widget_type=\"text-editor.default\">\n\t\t\t\t<div class=\"elementor-widget-container\">\n\t\t\t\t\t\t\t\t\t<p>A nossa quinta disp\u00f5e de duas casas de granito, oferecendo um ambiente r\u00fastico e acolhedor. Contamos com 10 quartos confort\u00e1veis, incluindo quartos duplos com cama de casal, quartos twin com duas ou tr\u00eas camas individuais e um quarto familiar com cama de casal e beliche. Todos os quartos possuem varanda com vistas para a montanha, piso em madeira, casa de banho privativa com banheira ou duche, televis\u00e3o de ecr\u00e3 plano, aquecimento central e\/ou ar condicionado. O pequeno-almo\u00e7o continental est\u00e1 inclu\u00eddo, e os h\u00f3spedes podem usufruir de Wi-Fi gratuito e estacionamento gratuito no interior da propriedade.<\/p>\t\t\t\t\t\t\t\t<\/div>\n\t\t\t\t<\/div>\n\t\t\t\t\t<\/div>\n\t\t\t\t<\/div>\n\t\t<div class=\"elementor-element elementor-element-af5adef e-flex e-con-boxed e-con e-parent\" data-id=\"af5adef\" data-element_type=\"container\">\n\t\t\t\t\t<div class=\"e-con-inner\">\n\t\t\t\t<div class=\"elementor-element elementor-element-08dae66 elementor-arrows-position-inside elementor-pagination-position-outside elementor-widget elementor-widget-image-carousel\" data-id=\"08dae66\" data-element_type=\"widget\" data-settings=\"{&quot;image_spacing_custom&quot;:{&quot;unit&quot;:&quot;px&quot;,&quot;size&quot;:30,&quot;sizes&quot;:[]},&quot;navigation&quot;:&quot;both&quot;,&quot;autoplay&quot;:&quot;yes&quot;,&quot;pause_on_hover&quot;:&quot;yes&quot;,&quot;pause_on_interaction&quot;:&quot;yes&quot;,&quot;autoplay_speed&quot;:5000,&quot;infinite&quot;:&quot;yes&quot;,&quot;speed&quot;:500,&quot;image_spacing_custom_tablet&quot;:{&quot;unit&quot;:&quot;px&quot;,&quot;size&quot;:&quot;&quot;,&quot;sizes&quot;:[]},&quot;image_spacing_custom_mobile&quot;:{&quot;unit&quot;:&quot;px&quot;,&quot;size&quot;:&quot;&quot;,&quot;sizes&quot;:[]}}\" data-widget_type=\"image-carousel.default\">\n\t\t\t\t<div class=\"elementor-widget-container\">\n\t\t\t\t\t\t\t<div class=\"elementor-image-carousel-wrapper swiper\" role=\"region\" aria-roledescription=\"carousel\" aria-label=\"Carrossel de imagens\" dir=\"ltr\">\n\t\t\t<div class=\"elementor-image-carousel swiper-wrapper\" aria-live=\"off\">\n\t\t\t\t\t\t\t\t<div class=\"swiper-slide\" role=\"group\" aria-roledescription=\"slide\" aria-label=\"1 of 10\"><figure class=\"swiper-slide-inner\"><img decoding=\"async\" class=\"swiper-slide-image\" src=\"https:\/\/quintaleandres.com\/wp-content\/uploads\/2025\/03\/IMG20221111124311-scaled.jpg\" alt=\"IMG20221111124311\" \/><\/figure><\/div><div class=\"swiper-slide\" role=\"group\" aria-roledescription=\"slide\" aria-label=\"2 of 10\"><figure class=\"swiper-slide-inner\"><img decoding=\"async\" class=\"swiper-slide-image\" src=\"https:\/\/quintaleandres.com\/wp-content\/uploads\/2025\/03\/IMG20220605093741-scaled.jpg\" alt=\"IMG20220605093741\" \/><\/figure><\/div><div class=\"swiper-slide\" role=\"group\" aria-roledescription=\"slide\" aria-label=\"3 of 10\"><figure class=\"swiper-slide-inner\"><img decoding=\"async\" class=\"swiper-slide-image\" src=\"https:\/\/quintaleandres.com\/wp-content\/uploads\/2025\/03\/IMG20220604155011-scaled.jpg\" alt=\"IMG20220604155011\" \/><\/figure><\/div><div class=\"swiper-slide\" role=\"group\" aria-roledescription=\"slide\" aria-label=\"4 of 10\"><figure class=\"swiper-slide-inner\"><img decoding=\"async\" class=\"swiper-slide-image\" src=\"https:\/\/quintaleandres.com\/wp-content\/uploads\/2025\/03\/IMG20230628164430-1-scaled.jpg\" alt=\"IMG20230628164430\" \/><\/figure><\/div><div class=\"swiper-slide\" role=\"group\" aria-roledescription=\"slide\" aria-label=\"5 of 10\"><figure class=\"swiper-slide-inner\"><img decoding=\"async\" class=\"swiper-slide-image\" src=\"https:\/\/quintaleandres.com\/wp-content\/uploads\/2025\/03\/IMG20231201134716-1-scaled.jpg\" alt=\"IMG20231201134716\" \/><\/figure><\/div><div class=\"swiper-slide\" role=\"group\" aria-roledescription=\"slide\" aria-label=\"6 of 10\"><figure class=\"swiper-slide-inner\"><img decoding=\"async\" class=\"swiper-slide-image\" src=\"https:\/\/quintaleandres.com\/wp-content\/uploads\/2025\/03\/IMG20241216142327-scaled.jpg\" alt=\"IMG20241216142327\" \/><\/figure><\/div><div class=\"swiper-slide\" role=\"group\" aria-roledescription=\"slide\" aria-label=\"7 of 10\"><figure class=\"swiper-slide-inner\"><img decoding=\"async\" class=\"swiper-slide-image\" src=\"https:\/\/quintaleandres.com\/wp-content\/uploads\/2025\/02\/IMG20240625145528-scaled.jpg\" alt=\"IMG20240625145528\" \/><\/figure><\/div><div class=\"swiper-slide\" role=\"group\" aria-roledescription=\"slide\" aria-label=\"8 of 10\"><figure class=\"swiper-slide-inner\"><img decoding=\"async\" class=\"swiper-slide-image\" src=\"https:\/\/quintaleandres.com\/wp-content\/uploads\/2025\/03\/IMG20221111113517-scaled.jpg\" alt=\"IMG20221111113517\" \/><\/figure><\/div><div class=\"swiper-slide\" role=\"group\" aria-roledescription=\"slide\" aria-label=\"9 of 10\"><figure class=\"swiper-slide-inner\"><img decoding=\"async\" class=\"swiper-slide-image\" src=\"https:\/\/quintaleandres.com\/wp-content\/uploads\/2025\/02\/DSC02592.jpg\" alt=\"quintadeleandres\" \/><\/figure><\/div><div class=\"swiper-slide\" role=\"group\" aria-roledescription=\"slide\" aria-label=\"10 of 10\"><figure class=\"swiper-slide-inner\"><img decoding=\"async\" class=\"swiper-slide-image\" src=\"https:\/\/quintaleandres.com\/wp-content\/uploads\/2025\/02\/IMG20220703210955-scaled.jpg\" alt=\"IMG20220703210955\" \/><\/figure><\/div>\t\t\t<\/div>\n\t\t\t\t\t\t\t\t\t\t\t\t<div class=\"elementor-swiper-button elementor-swiper-button-prev\" role=\"button\" tabindex=\"0\">\n\t\t\t\t\t\t<svg aria-hidden=\"true\" class=\"e-font-icon-svg e-eicon-chevron-left\" viewBox=\"0 0 1000 1000\" xmlns=\"http:\/\/www.w3.org\/2000\/svg\"><path d=\"M646 125C629 125 613 133 604 142L308 442C296 454 292 471 292 487 292 504 296 521 308 533L604 854C617 867 629 875 646 875 663 875 679 871 692 858 704 846 713 829 713 812 713 796 708 779 692 767L438 487 692 225C700 217 708 204 708 187 708 171 704 154 692 142 675 129 663 125 646 125Z\"><\/path><\/svg>\t\t\t\t\t<\/div>\n\t\t\t\t\t<div class=\"elementor-swiper-button elementor-swiper-button-next\" role=\"button\" tabindex=\"0\">\n\t\t\t\t\t\t<svg aria-hidden=\"true\" class=\"e-font-icon-svg e-eicon-chevron-right\" viewBox=\"0 0 1000 1000\" xmlns=\"http:\/\/www.w3.org\/2000\/svg\"><path d=\"M696 533C708 521 713 504 713 487 713 471 708 454 696 446L400 146C388 133 375 125 354 125 338 125 325 129 313 142 300 154 292 171 292 187 292 204 296 221 308 233L563 492 304 771C292 783 288 800 288 817 288 833 296 850 308 863 321 871 338 875 354 875 371 875 388 867 400 854L696 533Z\"><\/path><\/svg>\t\t\t\t\t<\/div>\n\t\t\t\t\n\t\t\t\t\t\t\t\t\t<div class=\"swiper-pagination\"><\/div>\n\t\t\t\t\t\t\t\t\t<\/div>\n\t\t\t\t\t\t<\/div>\n\t\t\t\t<\/div>\n\t\t\t\t\t<\/div>\n\t\t\t\t<\/div>\n\t\t<div class=\"elementor-element elementor-element-1f9afcc e-flex e-con-boxed e-con e-parent\" data-id=\"1f9afcc\" data-element_type=\"container\">\n\t\t\t\t\t<div class=\"e-con-inner\">\n\t\t<div class=\"elementor-element elementor-element-15d36d0 e-con-full e-flex e-con e-child\" data-id=\"15d36d0\" data-element_type=\"container\">\n\t\t\t\t<div class=\"elementor-element elementor-element-2299ad8 elementor-widget elementor-widget-image\" data-id=\"2299ad8\" data-element_type=\"widget\" data-widget_type=\"image.default\">\n\t\t\t\t<div class=\"elementor-widget-container\">\n\t\t\t\t\t\t\t\t\t\t\t\t\t\t\t<img decoding=\"async\" width=\"1024\" height=\"768\" src=\"https:\/\/quintaleandres.com\/wp-content\/uploads\/2025\/03\/IMG20230628164430-1-1024x768.jpg\" class=\"attachment-large size-large wp-image-116\" alt=\"\" srcset=\"https:\/\/quintaleandres.com\/wp-content\/uploads\/2025\/03\/IMG20230628164430-1-1024x768.jpg 1024w, https:\/\/quintaleandres.com\/wp-content\/uploads\/2025\/03\/IMG20230628164430-1-300x225.jpg 300w, https:\/\/quintaleandres.com\/wp-content\/uploads\/2025\/03\/IMG20230628164430-1-768x576.jpg 768w, https:\/\/quintaleandres.com\/wp-content\/uploads\/2025\/03\/IMG20230628164430-1-1536x1152.jpg 1536w, https:\/\/quintaleandres.com\/wp-content\/uploads\/2025\/03\/IMG20230628164430-1-2048x1536.jpg 2048w\" sizes=\"(max-width: 1024px) 100vw, 1024px\" \/>\t\t\t\t\t\t\t\t\t\t\t\t\t\t\t<\/div>\n\t\t\t\t<\/div>\n\t\t\t\t<\/div>\n\t\t<div class=\"elementor-element elementor-element-51b508b e-con-full e-flex e-con e-child\" data-id=\"51b508b\" data-element_type=\"container\">\n\t\t\t\t<div class=\"elementor-element elementor-element-aa7c200 elementor-widget elementor-widget-heading\" data-id=\"aa7c200\" data-element_type=\"widget\" data-widget_type=\"heading.default\">\n\t\t\t\t<div class=\"elementor-widget-container\">\n\t\t\t\t\t<h2 class=\"elementor-heading-title elementor-size-default\">LAZER E ATIVIDADES<\/h2>\t\t\t\t<\/div>\n\t\t\t\t<\/div>\n\t\t\t\t<div class=\"elementor-element elementor-element-1f87776 elementor-widget elementor-widget-text-editor\" data-id=\"1f87776\" data-element_type=\"widget\" data-widget_type=\"text-editor.default\">\n\t\t\t\t<div class=\"elementor-widget-container\">\n\t\t\t\t\t\t\t\t\t<p data-start=\"1489\" data-end=\"1926\">A Quinta de Leandres oferece diversas op\u00e7\u00f5es de lazer para tornar a sua estadia ainda mais especial. A piscina est\u00e1 dispon\u00edvel todo o ano e \u00e9 rodeada por um terra\u00e7o com espregui\u00e7adeiras. Os jardins possuem equipamentos infantis, e h\u00e1 um circuito de manuten\u00e7\u00e3o com equipamentos de gin\u00e1stica, al\u00e9m de um trilho de corta-mato na mata da quinta. Os h\u00f3spedes podem ainda desfrutar gratuitamente de bicicletas BTT para explorar os arredores.<\/p><p data-start=\"1928\" data-end=\"2100\">A regi\u00e3o proporciona in\u00fameras atividades ao ar livre, como caminhadas por trilhos deslumbrantes, passeios de bicicleta e momentos relaxantes nas praias fluviais pr\u00f3ximas.<\/p>\t\t\t\t\t\t\t\t<\/div>\n\t\t\t\t<\/div>\n\t\t\t\t<\/div>\n\t\t\t\t\t<\/div>\n\t\t\t\t<\/div>\n\t\t\t\t<\/div>\n\t\t","protected":false},"excerpt":{"rendered":"<p>Sobre a Quinta de Leandres UM REF\u00daGIO NA NATUREZA A Quinta de Leandres \u00e9 uma unidade de turismo rural situada [&hellip;]<\/p>\n","protected":false},"author":2,"featured_media":0,"parent":0,"menu_order":0,"comment_status":"closed","ping_status":"closed","template":"","meta":{"site-sidebar-layout":"no-sidebar","site-content-layout":"","ast-site-content-layout":"full-width-container","site-content-style":"default","site-sidebar-style":"default","ast-global-header-display":"","ast-banner-title-visibility":"","ast-main-header-display":"","ast-hfb-above-header-display":"","ast-hfb-below-header-display":"","ast-hfb-mobile-header-display":"","site-post-title":"disabled","ast-breadcrumbs-content":"","ast-featured-img":"disabled","footer-sml-layout":"","theme-transparent-header-meta":"","adv-header-id-meta":"","stick-header-meta":"","header-above-stick-meta":"","header-main-stick-meta":"","header-below-stick-meta":"","astra-migrate-meta-layouts":"default","ast-page-background-enabled":"default","ast-page-background-meta":{"desktop":{"background-color":"var(--ast-global-color-5)","background-image":"","background-repeat":"repeat","background-position":"center center","background-size":"auto","background-attachment":"scroll","background-type":"","background-media":"","overlay-type":"","overlay-color":"","overlay-opacity":"","overlay-gradient":""},"tablet":{"background-color":"","background-image":"","background-repeat":"repeat","background-position":"center center","background-size":"auto","background-attachment":"scroll","background-type":"","background-media":"","overlay-type":"","overlay-color":"","overlay-opacity":"","overlay-gradient":""},"mobile":{"background-color":"","background-image":"","background-repeat":"repeat","background-position":"center center","background-size":"auto","background-attachment":"scroll","background-type":"","background-media":"","overlay-type":"","overlay-color":"","overlay-opacity":"","overlay-gradient":""}},"ast-content-background-meta":{"desktop":{"background-color":"var(--ast-global-color-4)","background-image":"","background-repeat":"repeat","background-position":"center center","background-size":"auto","background-attachment":"scroll","background-type":"","background-media":"","overlay-type":"","overlay-color":"","overlay-opacity":"","overlay-gradient":""},"tablet":{"background-color":"var(--ast-global-color-4)","background-image":"","background-repeat":"repeat","background-position":"center center","background-size":"auto","background-attachment":"scroll","background-type":"","background-media":"","overlay-type":"","overlay-color":"","overlay-opacity":"","overlay-gradient":""},"mobile":{"background-color":"var(--ast-global-color-4)","background-image":"","background-repeat":"repeat","background-position":"center center","background-size":"auto","background-attachment":"scroll","background-type":"","background-media":"","overlay-type":"","overlay-color":"","overlay-opacity":"","overlay-gradient":""}},"footnotes":""},"class_list":["post-16","page","type-page","status-publish","hentry"],"aioseo_notices":[],"yoast_head":"<!-- This site is optimized with the Yoast SEO plugin v24.7 - https:\/\/yoast.com\/wordpress\/plugins\/seo\/ -->\n<title>SOBRE -<\/title>\n<meta name=\"robots\" content=\"index, follow, max-snippet:-1, max-image-preview:large, max-video-preview:-1\" \/>\n<link rel=\"canonical\" href=\"https:\/\/quintaleandres.com\/pt_pt\/sobre\/\" \/>\n<meta property=\"og:locale\" content=\"pt_PT\" \/>\n<meta property=\"og:type\" content=\"article\" \/>\n<meta property=\"og:title\" content=\"SOBRE -\" \/>\n<meta property=\"og:description\" content=\"Sobre a Quinta de Leandres UM REF\u00daGIO NA NATUREZA A Quinta de Leandres \u00e9 uma unidade de turismo rural situada [&hellip;]\" \/>\n<meta property=\"og:url\" content=\"https:\/\/quintaleandres.com\/pt_pt\/sobre\/\" \/>\n<meta property=\"article:modified_time\" content=\"2025-03-16T16:16:47+00:00\" \/>\n<meta property=\"og:image\" content=\"https:\/\/quintaleandres.com\/wp-content\/uploads\/2025\/03\/IMG20230628164512-1-1024x768.jpg\" \/>\n<meta name=\"twitter:card\" content=\"summary_large_image\" \/>\n<meta name=\"twitter:label1\" content=\"Tempo estimado de leitura\" \/>\n\t<meta name=\"twitter:data1\" content=\"1 minuto\" \/>\n<script type=\"application\/ld+json\" class=\"yoast-schema-graph\">{\"@context\":\"https:\/\/schema.org\",\"@graph\":[{\"@type\":\"WebPage\",\"@id\":\"https:\/\/quintaleandres.com\/en\/sobre\/\",\"url\":\"https:\/\/quintaleandres.com\/en\/sobre\/\",\"name\":\"SOBRE -\",\"isPartOf\":{\"@id\":\"https:\/\/quintaleandres.com\/pt_pt\/#website\"},\"primaryImageOfPage\":{\"@id\":\"https:\/\/quintaleandres.com\/en\/sobre\/#primaryimage\"},\"image\":{\"@id\":\"https:\/\/quintaleandres.com\/en\/sobre\/#primaryimage\"},\"thumbnailUrl\":\"https:\/\/quintaleandres.com\/wp-content\/uploads\/2025\/03\/IMG20230628164512-1-1024x768.jpg\",\"datePublished\":\"2025-02-23T09:28:22+00:00\",\"dateModified\":\"2025-03-16T16:16:47+00:00\",\"breadcrumb\":{\"@id\":\"https:\/\/quintaleandres.com\/en\/sobre\/#breadcrumb\"},\"inLanguage\":\"pt-PT\",\"potentialAction\":[{\"@type\":\"ReadAction\",\"target\":[\"https:\/\/quintaleandres.com\/en\/sobre\/\"]}]},{\"@type\":\"ImageObject\",\"inLanguage\":\"pt-PT\",\"@id\":\"https:\/\/quintaleandres.com\/en\/sobre\/#primaryimage\",\"url\":\"https:\/\/quintaleandres.com\/wp-content\/uploads\/2025\/03\/IMG20230628164512-1-1024x768.jpg\",\"contentUrl\":\"https:\/\/quintaleandres.com\/wp-content\/uploads\/2025\/03\/IMG20230628164512-1-1024x768.jpg\"},{\"@type\":\"BreadcrumbList\",\"@id\":\"https:\/\/quintaleandres.com\/en\/sobre\/#breadcrumb\",\"itemListElement\":[{\"@type\":\"ListItem\",\"position\":1,\"name\":\"In\u00edcio\",\"item\":\"https:\/\/quintaleandres.com\/\"},{\"@type\":\"ListItem\",\"position\":2,\"name\":\"SOBRE\"}]},{\"@type\":\"WebSite\",\"@id\":\"https:\/\/quintaleandres.com\/pt_pt\/#website\",\"url\":\"https:\/\/quintaleandres.com\/pt_pt\/\",\"name\":\"\",\"description\":\"\",\"potentialAction\":[{\"@type\":\"SearchAction\",\"target\":{\"@type\":\"EntryPoint\",\"urlTemplate\":\"https:\/\/quintaleandres.com\/pt_pt\/?s={search_term_string}\"},\"query-input\":{\"@type\":\"PropertyValueSpecification\",\"valueRequired\":true,\"valueName\":\"search_term_string\"}}],\"inLanguage\":\"pt-PT\"}]}<\/script>\n<!-- \/ Yoast SEO plugin. -->","yoast_head_json":{"title":"SOBRE -","robots":{"index":"index","follow":"follow","max-snippet":"max-snippet:-1","max-image-preview":"max-image-preview:large","max-video-preview":"max-video-preview:-1"},"canonical":"https:\/\/quintaleandres.com\/pt_pt\/sobre\/","og_locale":"pt_PT","og_type":"article","og_title":"SOBRE -","og_description":"Sobre a Quinta de Leandres UM REF\u00daGIO NA NATUREZA A Quinta de Leandres \u00e9 uma unidade de turismo rural situada [&hellip;]","og_url":"https:\/\/quintaleandres.com\/pt_pt\/sobre\/","article_modified_time":"2025-03-16T16:16:47+00:00","og_image":[{"url":"https:\/\/quintaleandres.com\/wp-content\/uploads\/2025\/03\/IMG20230628164512-1-1024x768.jpg","type":"","width":"","height":""}],"twitter_card":"summary_large_image","twitter_misc":{"Tempo estimado de leitura":"1 minuto"},"schema":{"@context":"https:\/\/schema.org","@graph":[{"@type":"WebPage","@id":"https:\/\/quintaleandres.com\/en\/sobre\/","url":"https:\/\/quintaleandres.com\/en\/sobre\/","name":"SOBRE -","isPartOf":{"@id":"https:\/\/quintaleandres.com\/pt_pt\/#website"},"primaryImageOfPage":{"@id":"https:\/\/quintaleandres.com\/en\/sobre\/#primaryimage"},"image":{"@id":"https:\/\/quintaleandres.com\/en\/sobre\/#primaryimage"},"thumbnailUrl":"https:\/\/quintaleandres.com\/wp-content\/uploads\/2025\/03\/IMG20230628164512-1-1024x768.jpg","datePublished":"2025-02-23T09:28:22+00:00","dateModified":"2025-03-16T16:16:47+00:00","breadcrumb":{"@id":"https:\/\/quintaleandres.com\/en\/sobre\/#breadcrumb"},"inLanguage":"pt-PT","potentialAction":[{"@type":"ReadAction","target":["https:\/\/quintaleandres.com\/en\/sobre\/"]}]},{"@type":"ImageObject","inLanguage":"pt-PT","@id":"https:\/\/quintaleandres.com\/en\/sobre\/#primaryimage","url":"https:\/\/quintaleandres.com\/wp-content\/uploads\/2025\/03\/IMG20230628164512-1-1024x768.jpg","contentUrl":"https:\/\/quintaleandres.com\/wp-content\/uploads\/2025\/03\/IMG20230628164512-1-1024x768.jpg"},{"@type":"BreadcrumbList","@id":"https:\/\/quintaleandres.com\/en\/sobre\/#breadcrumb","itemListElement":[{"@type":"ListItem","position":1,"name":"In\u00edcio","item":"https:\/\/quintaleandres.com\/"},{"@type":"ListItem","position":2,"name":"SOBRE"}]},{"@type":"WebSite","@id":"https:\/\/quintaleandres.com\/pt_pt\/#website","url":"https:\/\/quintaleandres.com\/pt_pt\/","name":"","description":"","potentialAction":[{"@type":"SearchAction","target":{"@type":"EntryPoint","urlTemplate":"https:\/\/quintaleandres.com\/pt_pt\/?s={search_term_string}"},"query-input":{"@type":"PropertyValueSpecification","valueRequired":true,"valueName":"search_term_string"}}],"inLanguage":"pt-PT"}]}},"_links":{"self":[{"href":"https:\/\/quintaleandres.com\/pt_pt\/wp-json\/wp\/v2\/pages\/16","targetHints":{"allow":["GET"]}}],"collection":[{"href":"https:\/\/quintaleandres.com\/pt_pt\/wp-json\/wp\/v2\/pages"}],"about":[{"href":"https:\/\/quintaleandres.com\/pt_pt\/wp-json\/wp\/v2\/types\/page"}],"author":[{"embeddable":true,"href":"https:\/\/quintaleandres.com\/pt_pt\/wp-json\/wp\/v2\/users\/2"}],"replies":[{"embeddable":true,"href":"https:\/\/quintaleandres.com\/pt_pt\/wp-json\/wp\/v2\/comments?post=16"}],"version-history":[{"count":41,"href":"https:\/\/quintaleandres.com\/pt_pt\/wp-json\/wp\/v2\/pages\/16\/revisions"}],"predecessor-version":[{"id":417,"href":"https:\/\/quintaleandres.com\/pt_pt\/wp-json\/wp\/v2\/pages\/16\/revisions\/417"}],"wp:attachment":[{"href":"https:\/\/quintaleandres.com\/pt_pt\/wp-json\/wp\/v2\/media?parent=16"}],"curies":[{"name":"wp","href":"https:\/\/api.w.org\/{rel}","templated":true}]}}